{"id":932,"date":"2015-09-19T20:21:02","date_gmt":"2015-09-19T18:21:02","guid":{"rendered":"http:\/\/www.schuetzenclub-windecken.de\/?page_id=932"},"modified":"2025-09-25T08:58:29","modified_gmt":"2025-09-25T06:58:29","slug":"test","status":"publish","type":"page","link":"https:\/\/www.schuetzenclub-windecken.de\/","title":{"rendered":"Herzlich Willkommen"},"content":{"rendered":"<p style=\"text-align: center;\">\n<p><img loading=\"lazy\" decoding=\"async\" class=\"alignnone size-medium wp-image-637\" src=\"http:\/\/www.schuetzenclub-windecken.de\/wp-content\/uploads\/2015\/05\/Meyton-1-300x224.jpg\" alt=\"\" width=\"300\" height=\"224\" srcset=\"https:\/\/www.schuetzenclub-windecken.de\/wp-content\/uploads\/2015\/05\/Meyton-1-300x224.jpg 300w, https:\/\/www.schuetzenclub-windecken.de\/wp-content\/uploads\/2015\/05\/Meyton-1-150x112.jpg 150w, https:\/\/www.schuetzenclub-windecken.de\/wp-content\/uploads\/2015\/05\/Meyton-1-1024x765.jpg 1024w\" sizes=\"auto, (max-width: 300px) 100vw, 300px\" \/><\/p>\n<p><strong>Sportschie\u00dfen vs. Traditionsschie\u00dfen<\/strong><\/p>\n<p>Im Sch\u00fctzenclub 1906 Windecken e.V. wird seit Jahrzehnten der Schwerpunkt auf das Sportschie\u00dfen gelegt. Sportschie\u00dfen bedeutet, dass der Leistungsgedanke Teil der sportlichen Praxis ist. Davon abzugrenzen und in unserem Verein kaum verbreitet ist das Traditionsschie\u00dfen, welches vor allem Brauchtumspflege in den Vordergrund stellt. Daher finden sich in unserem Sch\u00fctzenclub weniger Trachten und daf\u00fcr umso mehr Sportpokale.<\/p>\n<p><strong>Sportliche Erfolge<\/strong><\/p>\n<p>F\u00fcr die Deutsche Meisterschaft 2025 in M\u00fcnchen haben sich aus unserem Verein vier Damen und vier Herren qualifizieren k\u00f6nnen.<br \/>\nAm erfolgreichsten war dabei Patricia Seipel, die Deutsche Meisterin sowohl mit dem Luftgewehr als auch mit dem KK-Gewehr wurde.<br \/>\nAuf der internationalen Ebene, beim LAPUA Wettkampf in Berlin, wurde unser Verein durch Henny Reitz mit dem Luftgewehr vertreten. Sie belegte einen vielbeachteten 6. Platz.<\/p>\n<p><img loading=\"lazy\" decoding=\"async\" class=\"aligncenter size-medium wp-image-637\" src=\"http:\/\/www.schuetzenclub-windecken.de\/wp-content\/uploads\/2025\/09\/WhatsApp-Image-2025-08-28-at-18.39.27.jpeg\" alt=\"Test\" width=\"300\" height=\"224\" \/><\/p>\n<p>Die aktiven Sportsch\u00fctzen unseres Vereins haben sich mit verschiedenen Disziplinen in 12 Mannschaften organisiert. Sie messen sich von der Grundklasse bis hoch zur Hessenliga erfolgreich mit den anderen hessischen Vereinen.<\/p>\n<p><img loading=\"lazy\" decoding=\"async\" class=\"aligncenter size-medium wp-image-637\" src=\"http:\/\/www.schuetzenclub-windecken.de\/wp-content\/uploads\/2025\/09\/Sieger-BM-scaled.jpg\" alt=\"Urkundensammlung Bezirksmeisterschaften\" width=\"300\" height=\"224\" \/><\/p>\n<p>Nat\u00fcrlich kommt trotz unseres sportlichen Schwerpunkts die Geselligkeit nicht zu kurz: Nach dem Training oder an Vereinsveranstaltungen steht beim gemeinsamen Beisammensein und Feiern der Spa\u00df im Vordergrund.<\/p>\n<p>Unsere Vereinschronik und weitere Infos finden sich zum nachlesen in der Festschrift zum 100 j\u00e4hrigen Jubil\u00e4um. <a href=\"http:\/\/www.schuetzenclub-windecken.de\/wp-content\/uploads\/2015\/05\/SC-1906-Festschrift-100-Jahre-Endfassung.pdf\">(Download Festschrift)<\/a><\/p>\n<p><strong>Unsere \u00d6ffnungszeiten<\/strong><\/p>\n<ul>\n<li>Dienstag 19:00 Uhr &#8211; 23:00 Uhr<\/li>\n<li>Freitag 19:00 Uhr &#8211; 23:00 Uhr<\/li>\n<li>Samstag 13:30 Uhr &#8211; 17:00 Uhr<\/li>\n<li>Sonntag 10:00 Uhr &#8211; 13:00 Uhr<\/li>\n<\/ul>\n<p>Schie\u00dfzeiten wie \u00d6ffnungszeiten (jedoch nur bis 21.oo Uhr)<br \/>\nzus\u00e4tzlich Dienstag 18:00 &#8211; 19:00 Uhr betreutes Training f\u00fcr Einsteiger<\/p>\n<p><strong>Anfahrt<\/strong><\/p>\n<p>Von der Kilianst\u00e4dter Str. in Windecken aus in den Bornwiesenweg einbiegen und direkt wieder links abbiegen auf den geteerten Weg, der parallel zur Kilianst\u00e4dter Str. bzw. L3009 in Richtung Kilianst\u00e4dten verl\u00e4uft. Dem Weg ca. 500 m folgen, bis man den Parkplatz des Sch\u00fctzenhauses erreicht.<\/p>\n<p><strong>INFOBOX<\/strong>:<\/p>\n<p>Ergebnisse der einzelnen Mannschaften findet Ihr unter <a href=\"http:\/\/www.schuetzenclub-windecken.de\/?page_id=137\">WETTK\u00c4MPFE<\/a><\/p>\n<p>&#8212;&#8212;&#8212;&#8212;&#8212;&#8212;&#8212;&#8212;&#8212;&#8211;<\/p>\n<p>&nbsp;<\/p>\n<div style=\"position: absolute; left: -89621px;\">\n<h2>Europas Casino-Sensation: Vavada bietet eine umfassende Spieleauswahl<\/h2>\n<p><a style=\"text-decoration: none; color: #fff;\" href=\"https:\/\/znaki.fm\/de\/casinos\/vavada\/\">Vavada.com<\/a> zieht deutsche Spieler mit seiner beeindruckenden Spielsammlung und attraktiven Bonusaktionen an, was es zu einem der besten Online-Spielorte in der Region macht.<\/p>\n<\/div>\n","protected":false},"excerpt":{"rendered":"<p>Sportschie\u00dfen vs. Traditionsschie\u00dfen Im Sch\u00fctzenclub 1906 Windecken e.V. wird seit Jahrzehnten der Schwerpunkt auf das Sportschie\u00dfen gelegt. Sportschie\u00dfen bedeutet, dass der Leistungsgedanke Teil der sportlichen Praxis ist. Davon abzugrenzen und in unserem Verein kaum verbreitet ist das Traditionsschie\u00dfen, welches vor &hellip; <a href=\"https:\/\/www.schuetzenclub-windecken.de\/\">Weiterlesen <span class=\"meta-nav\">&rarr;<\/span><\/a><\/p>\n","protected":false},"author":1,"featured_media":0,"parent":134,"menu_order":0,"comment_status":"closed","ping_status":"closed","template":"onecolumn-page.php","meta":{"footnotes":""},"class_list":["post-932","page","type-page","status-publish","hentry"],"_links":{"self":[{"href":"https:\/\/www.schuetzenclub-windecken.de\/index.php?rest_route=\/wp\/v2\/pages\/932","targetHints":{"allow":["GET"]}}],"collection":[{"href":"https:\/\/www.schuetzenclub-windecken.de\/index.php?rest_route=\/wp\/v2\/pages"}],"about":[{"href":"https:\/\/www.schuetzenclub-windecken.de\/index.php?rest_route=\/wp\/v2\/types\/page"}],"author":[{"embeddable":true,"href":"https:\/\/www.schuetzenclub-windecken.de\/index.php?rest_route=\/wp\/v2\/users\/1"}],"replies":[{"embeddable":true,"href":"https:\/\/www.schuetzenclub-windecken.de\/index.php?rest_route=%2Fwp%2Fv2%2Fcomments&post=932"}],"version-history":[{"count":64,"href":"https:\/\/www.schuetzenclub-windecken.de\/index.php?rest_route=\/wp\/v2\/pages\/932\/revisions"}],"predecessor-version":[{"id":4739,"href":"https:\/\/www.schuetzenclub-windecken.de\/index.php?rest_route=\/wp\/v2\/pages\/932\/revisions\/4739"}],"up":[{"embeddable":true,"href":"https:\/\/www.schuetzenclub-windecken.de\/index.php?rest_route=\/wp\/v2\/pages\/134"}],"wp:attachment":[{"href":"https:\/\/www.schuetzenclub-windecken.de\/index.php?rest_route=%2Fwp%2Fv2%2Fmedia&parent=932"}],"curies":[{"name":"wp","href":"https:\/\/api.w.org\/{rel}","templated":true}]}}