{"id":547,"date":"2015-05-03T17:42:03","date_gmt":"2015-05-03T15:42:03","guid":{"rendered":"http:\/\/dev.tuerpika.de\/?page_id=547"},"modified":"2025-09-22T16:40:34","modified_gmt":"2025-09-22T14:40:34","slug":"lust-uns-kennenzulernen","status":"publish","type":"page","link":"https:\/\/www.schuetzenclub-windecken.de\/?page_id=547","title":{"rendered":"Mitmachen!"},"content":{"rendered":"<p>Das Sportschie\u00dfen im Sch\u00fctzenclub 1906 Windecken e.V. zu erlernen ist problemlos m\u00f6glich:<\/p>\n<p>Einfach w\u00e4hrend den \u00d6ffnungszeiten, idealerweise dienstags, mittwochs oder freitags, vorbeikommen!<\/p>\n<p>Unsere Sch\u00fctzen stehen Interessierten jederzeit mit Rat und Tat zur Seite. F\u00fcr Jugendliche steht insbesondere unsere Jugendleiterin Kathrin T\u00fcrpitsch mittwochs bereit.<\/p>\n<p>Um festzustellen, ob man Spa\u00df am Sportschie\u00dfen findet, stellt der Verein f\u00fcr die erste Zeit unentgeltlich die Ausr\u00fcstung bereit. Danach kann man entscheiden, ob man Mitglied werden und sich eine eigene Ausr\u00fcstung zulegen m\u00f6chte.<\/p>\n<p>\u00dcblicherweise erlernt man das Sportschie\u00dfen im ersten Jahr an der Luftpistole bzw. dem Luftgewehr. Danach kann der Umstieg auf Klein- und Gro\u00dfkaliber erfolgen.<\/p>\n<p>Ein erfolgreicher Einstieg in den Schie\u00dfsport ist im \u00dcbrigen in jedem Alter m\u00f6glich!<\/p>\n<p><strong>Aufnahmevoraussetzungen<\/strong><\/p>\n<ul>\n<li>schriftlicher Aufnahmeantrag<\/li>\n<li>guter Leumund; sofern der Bewerber pers\u00f6nlich nicht bekannt ist, verlangen wir ein polizeiliches F\u00fchrungszeugnis<\/li>\n<\/ul>\n<p><strong>Jahresbeitr\u00e4ge (Stand 1.1.2025)<\/strong><\/p>\n<ul>\n<li>Sch\u00fcler und Jugendliche: 24 \u20ac<\/li>\n<li>Aktive Sch\u00fctzen: 120 \u20ac<\/li>\n<li>Passive Mitglieder: 36 \u20ac<\/li>\n<\/ul>\n<p>Die Aufnahmegeb\u00fchr von 125 \u20ac f\u00fcr aktive, vollj\u00e4hrige Mitglieder ist zur Zeit ausgesetzt.<\/p>\n<p><strong>Mitgliedspflichten (nur f\u00fcr aktive, vollj\u00e4hrige Sch\u00fctzen)<\/strong><\/p>\n<ul>\n<li>j\u00e4hrlicher Arbeitsdienst (ca. 6 Std.)<\/li>\n<li>Thekendienst (in der Regel eine Woche j\u00e4hrlich zu den \u00d6ffnungszeiten)<\/li>\n<\/ul>\n<p><strong>Zuletzt: Ein Wort zu den &#8222;scharfen&#8220; Waffen.<\/strong><\/p>\n<p>Beim Sch\u00fctzenclub 1906 Windecken e.V. steht das sportliche Schie\u00dfen im Mittelpunkt. Personen, die lediglich am Erwerb einer &#8222;scharfen&#8220;, also erlaubnispflichtigen, Waffe interessiert sind, sind bei uns nicht willkommen. Entsprechend wird die Zustimmung des Vereins zum Erwerb &#8222;scharfer&#8220; Waffen nur erteilt, wenn folgende Voraussetzungen erf\u00fcllt sind:<\/p>\n<ul>\n<li>Eine mindestens einj\u00e4hrige Vereinsmitgliedschaft<\/li>\n<li>Regelm\u00e4\u00dfiges Training mit Luftpistole bzw. -gewehr<\/li>\n<li>Regelm\u00e4\u00dfiges Training mit erlaubnispflichtigen Waffen mindestens im Umfang der gesetzlichen Vorschriften<\/li>\n<li>Sportliches Bed\u00fcrfnis an einer erlaubnispflichtigen Waffe<\/li>\n<li>Teilnahme am Vereinsleben<\/li>\n<\/ul>\n<p>Dar\u00fcberhinaus m\u00fcssen selbstverst\u00e4ndlicherweise auch die weiteren gesetzlichen Vorraussetzungen (\u00dcberpr\u00fcfung der Zuverl\u00e4ssigkeit, Nachweis der Sachkunde und der ordnungsgem\u00e4\u00dfen Verwahrung, etc.) erf\u00fcllt werden.<\/p>\n","protected":false},"excerpt":{"rendered":"<p>Das Sportschie\u00dfen im Sch\u00fctzenclub 1906 Windecken e.V. zu erlernen ist problemlos m\u00f6glich: Einfach w\u00e4hrend den \u00d6ffnungszeiten, idealerweise dienstags, mittwochs oder freitags, vorbeikommen! Unsere Sch\u00fctzen stehen Interessierten jederzeit mit Rat und Tat zur Seite. F\u00fcr Jugendliche steht insbesondere unsere Jugendleiterin Kathrin &hellip; <a href=\"https:\/\/www.schuetzenclub-windecken.de\/?page_id=547\">Weiterlesen <span class=\"meta-nav\">&rarr;<\/span><\/a><\/p>\n","protected":false},"author":4,"featured_media":0,"parent":0,"menu_order":0,"comment_status":"closed","ping_status":"closed","template":"onecolumn-page.php","meta":{"footnotes":""},"class_list":["post-547","page","type-page","status-publish","hentry"],"_links":{"self":[{"href":"https:\/\/www.schuetzenclub-windecken.de\/index.php?rest_route=\/wp\/v2\/pages\/547","targetHints":{"allow":["GET"]}}],"collection":[{"href":"https:\/\/www.schuetzenclub-windecken.de\/index.php?rest_route=\/wp\/v2\/pages"}],"about":[{"href":"https:\/\/www.schuetzenclub-windecken.de\/index.php?rest_route=\/wp\/v2\/types\/page"}],"author":[{"embeddable":true,"href":"https:\/\/www.schuetzenclub-windecken.de\/index.php?rest_route=\/wp\/v2\/users\/4"}],"replies":[{"embeddable":true,"href":"https:\/\/www.schuetzenclub-windecken.de\/index.php?rest_route=%2Fwp%2Fv2%2Fcomments&post=547"}],"version-history":[{"count":14,"href":"https:\/\/www.schuetzenclub-windecken.de\/index.php?rest_route=\/wp\/v2\/pages\/547\/revisions"}],"predecessor-version":[{"id":4731,"href":"https:\/\/www.schuetzenclub-windecken.de\/index.php?rest_route=\/wp\/v2\/pages\/547\/revisions\/4731"}],"wp:attachment":[{"href":"https:\/\/www.schuetzenclub-windecken.de\/index.php?rest_route=%2Fwp%2Fv2%2Fmedia&parent=547"}],"curies":[{"name":"wp","href":"https:\/\/api.w.org\/{rel}","templated":true}]}}