{"id":511,"date":"2015-03-23T14:58:06","date_gmt":"2015-03-23T12:58:06","guid":{"rendered":"http:\/\/dev.tuerpika.de\/?page_id=511"},"modified":"2017-08-25T11:02:02","modified_gmt":"2017-08-25T09:02:02","slug":"links","status":"publish","type":"page","link":"https:\/\/www.schuetzenclub-windecken.de\/?page_id=511","title":{"rendered":"Links"},"content":{"rendered":"<p>Im folgenden finden sich Links zu den Gliederungen, denen unser Verein angeh\u00f6rt. Insbesondere finden sich auf den Seiten die Ergebnisse der jeweiligen Meisterschaften.<\/p>\n<p><a title=\"Sch\u00fctzenkreis 04 Hanau\" href=\"http:\/\/kreis04.de\/\" target=\"_blank\" rel=\"noopener\">Sch\u00fctzenkreis 04 Hanau<\/a><\/p>\n<p><a title=\"Sch\u00fctzengau 10\" href=\"http:\/\/www.gau10.com\/\" target=\"_blank\" rel=\"noopener\">Bezirk 30 Main-Kinzig<\/a><\/p>\n<p><a href=\"http:\/\/hessischer-schuetzenverband.de\/\" target=\"_blank\" rel=\"noopener\">Hessischer Sch\u00fctzenverband<\/a><\/p>\n<p><a href=\"http:\/\/www.dsb.de\/start\/\" target=\"_blank\" rel=\"noopener\">Deutscher Sch\u00fctzenbund<\/a><\/p>\n","protected":false},"excerpt":{"rendered":"<p>Im folgenden finden sich Links zu den Gliederungen, denen unser Verein angeh\u00f6rt. Insbesondere finden sich auf den Seiten die Ergebnisse der jeweiligen Meisterschaften. Sch\u00fctzenkreis 04 Hanau Bezirk 30 Main-Kinzig Hessischer Sch\u00fctzenverband Deutscher Sch\u00fctzenbund<\/p>\n","protected":false},"author":1,"featured_media":0,"parent":0,"menu_order":0,"comment_status":"closed","ping_status":"closed","template":"onecolumn-page.php","meta":{"footnotes":""},"class_list":["post-511","page","type-page","status-publish","hentry"],"_links":{"self":[{"href":"https:\/\/www.schuetzenclub-windecken.de\/index.php?rest_route=\/wp\/v2\/pages\/511","targetHints":{"allow":["GET"]}}],"collection":[{"href":"https:\/\/www.schuetzenclub-windecken.de\/index.php?rest_route=\/wp\/v2\/pages"}],"about":[{"href":"https:\/\/www.schuetzenclub-windecken.de\/index.php?rest_route=\/wp\/v2\/types\/page"}],"author":[{"embeddable":true,"href":"https:\/\/www.schuetzenclub-windecken.de\/index.php?rest_route=\/wp\/v2\/users\/1"}],"replies":[{"embeddable":true,"href":"https:\/\/www.schuetzenclub-windecken.de\/index.php?rest_route=%2Fwp%2Fv2%2Fcomments&post=511"}],"version-history":[{"count":12,"href":"https:\/\/www.schuetzenclub-windecken.de\/index.php?rest_route=\/wp\/v2\/pages\/511\/revisions"}],"predecessor-version":[{"id":2259,"href":"https:\/\/www.schuetzenclub-windecken.de\/index.php?rest_route=\/wp\/v2\/pages\/511\/revisions\/2259"}],"wp:attachment":[{"href":"https:\/\/www.schuetzenclub-windecken.de\/index.php?rest_route=%2Fwp%2Fv2%2Fmedia&parent=511"}],"curies":[{"name":"wp","href":"https:\/\/api.w.org\/{rel}","templated":true}]}}