{"id":3361,"date":"2020-05-08T14:22:08","date_gmt":"2020-05-08T12:22:08","guid":{"rendered":"http:\/\/www.schuetzenclub-windecken.de\/?page_id=3361"},"modified":"2022-01-13T10:38:49","modified_gmt":"2022-01-13T09:38:49","slug":"standbelegung-version-2","status":"publish","type":"page","link":"https:\/\/www.schuetzenclub-windecken.de\/?page_id=3361","title":{"rendered":"Standbelegung"},"content":{"rendered":"<p>&nbsp;<\/p>\n<ul>\n<li>aktuell k\u00f6nnen die St\u00e4nde zu den normalen \u00d6ffnungszeiten ohne vorherige Reservierung genutzt werden.<\/li>\n<\/ul>\n","protected":false},"excerpt":{"rendered":"<p>&nbsp; aktuell k\u00f6nnen die St\u00e4nde zu den normalen \u00d6ffnungszeiten ohne vorherige Reservierung genutzt werden.<\/p>\n","protected":false},"author":1,"featured_media":0,"parent":0,"menu_order":0,"comment_status":"closed","ping_status":"closed","template":"onecolumn-page.php","meta":{"footnotes":""},"class_list":["post-3361","page","type-page","status-publish","hentry"],"_links":{"self":[{"href":"https:\/\/www.schuetzenclub-windecken.de\/index.php?rest_route=\/wp\/v2\/pages\/3361","targetHints":{"allow":["GET"]}}],"collection":[{"href":"https:\/\/www.schuetzenclub-windecken.de\/index.php?rest_route=\/wp\/v2\/pages"}],"about":[{"href":"https:\/\/www.schuetzenclub-windecken.de\/index.php?rest_route=\/wp\/v2\/types\/page"}],"author":[{"embeddable":true,"href":"https:\/\/www.schuetzenclub-windecken.de\/index.php?rest_route=\/wp\/v2\/users\/1"}],"replies":[{"embeddable":true,"href":"https:\/\/www.schuetzenclub-windecken.de\/index.php?rest_route=%2Fwp%2Fv2%2Fcomments&post=3361"}],"version-history":[{"count":15,"href":"https:\/\/www.schuetzenclub-windecken.de\/index.php?rest_route=\/wp\/v2\/pages\/3361\/revisions"}],"predecessor-version":[{"id":3674,"href":"https:\/\/www.schuetzenclub-windecken.de\/index.php?rest_route=\/wp\/v2\/pages\/3361\/revisions\/3674"}],"wp:attachment":[{"href":"https:\/\/www.schuetzenclub-windecken.de\/index.php?rest_route=%2Fwp%2Fv2%2Fmedia&parent=3361"}],"curies":[{"name":"wp","href":"https:\/\/api.w.org\/{rel}","templated":true}]}}