{"id":1642,"date":"2016-03-05T17:34:41","date_gmt":"2016-03-05T16:34:41","guid":{"rendered":"http:\/\/www.schuetzenclub-windecken.de\/?page_id=1642"},"modified":"2018-08-01T22:00:40","modified_gmt":"2018-08-01T20:00:40","slug":"2-luftpistolen-mannschaft","status":"publish","type":"page","link":"https:\/\/www.schuetzenclub-windecken.de\/?page_id=1642","title":{"rendered":"2. Luftpistolen Mannschaft"},"content":{"rendered":"<h1 class=\"entry-title\">Oberliga Ost<\/h1>\n\n<table id=\"tablepress-58\" class=\"tablepress tablepress-id-58\">\n<thead>\n<tr class=\"row-1\">\n\t<th class=\"column-1\">Tag<\/th><th class=\"column-2\">Datum<\/th><th class=\"column-3\">Zeit<\/th><th class=\"column-4\">Heimmannschaft<\/th><th class=\"column-5\">Gastmannschaft<\/th><th class=\"column-6\">Mannschaftsringe<br \/>\n<\/th><th class=\"column-7\">Einzelpunkte<\/th><th class=\"column-8\">Punkte<br \/>\nSCW<\/th>\n<\/tr>\n<\/thead>\n<tbody class=\"row-striping\">\n<tr class=\"row-2\">\n\t<td class=\"column-1\">Donnerstag<\/td><td class=\"column-2\">09.10.2025<\/td><td class=\"column-3\">20:00<\/td><td class=\"column-4\">Hub.Mittelbuchen 1<\/td><td class=\"column-5\">SC 06 Windecken 2<\/td><td class=\"column-6\">1332 : 1390<\/td><td class=\"column-7\">2:3<\/td><td class=\"column-8\">  2 : 0<\/td>\n<\/tr>\n<tr class=\"row-3\">\n\t<td class=\"column-1\">Mittwoch<\/td><td class=\"column-2\">22.10.2025<\/td><td class=\"column-3\">20:00<\/td><td class=\"column-4\">SC 06 Windecken 2<\/td><td class=\"column-5\">Tell R\u00fcckingen 2<\/td><td class=\"column-6\">1414 : 1352<\/td><td class=\"column-7\">4:1<\/td><td class=\"column-8\">  4 : 0<\/td>\n<\/tr>\n<tr class=\"row-4\">\n\t<td class=\"column-1\">Freitag<\/td><td class=\"column-2\">31.10.2025<\/td><td class=\"column-3\">20:00<\/td><td class=\"column-4\">SG Herolz 2<\/td><td class=\"column-5\">SC 06 Windecken 2<\/td><td class=\"column-6\">1386 : 1408<\/td><td class=\"column-7\">1:4<\/td><td class=\"column-8\">  6 : 0<\/td>\n<\/tr>\n<tr class=\"row-5\">\n\t<td class=\"column-1\">Mittwoch<\/td><td class=\"column-2\">12.11.2025<\/td><td class=\"column-3\">20:00<\/td><td class=\"column-4\">SC 06 Windecken 2<\/td><td class=\"column-5\">G10 Ravolzhausen 1<\/td><td class=\"column-6\">1393 : 1371<\/td><td class=\"column-7\">3:2<\/td><td class=\"column-8\">  8 : 0<\/td>\n<\/tr>\n<tr class=\"row-6\">\n\t<td class=\"column-1\">Mittwoch<\/td><td class=\"column-2\">19.11.2025<\/td><td class=\"column-3\">20:00<\/td><td class=\"column-4\">Hub.H\u00fcttenges\u00e4\u00df 1<\/td><td class=\"column-5\">SC 06 Windecke  2<\/td><td class=\"column-6\">1383 : 1419<\/td><td class=\"column-7\">1:4<\/td><td class=\"column-8\"> 10 : 0<\/td>\n<\/tr>\n<tr class=\"row-7\">\n\t<td class=\"column-1\">Mittwoch<\/td><td class=\"column-2\">03.12.2025<\/td><td class=\"column-3\">20:00<\/td><td class=\"column-4\">SC 06 Windecken 2<\/td><td class=\"column-5\">Hub Mittelbuchen 1<\/td><td class=\"column-6\">1409 : 1372<\/td><td class=\"column-7\">5:0<\/td><td class=\"column-8\"> 12 : 0<\/td>\n<\/tr>\n<tr class=\"row-8\">\n\t<td class=\"column-1\">Donnerstag<\/td><td class=\"column-2\">18.12.2025<\/td><td class=\"column-3\">20:00<\/td><td class=\"column-4\">Tell R\u00fcckingen 2<\/td><td class=\"column-5\">SC 06 Windecken 2<\/td><td class=\"column-6\">1383 : 1409<\/td><td class=\"column-7\">1:4<\/td><td class=\"column-8\"> 14 : 0<\/td>\n<\/tr>\n<tr class=\"row-9\">\n\t<td class=\"column-1\">Mittwoch<\/td><td class=\"column-2\">14.01.2026<\/td><td class=\"column-3\">20:00<\/td><td class=\"column-4\">SC 06 Windecken 2<\/td><td class=\"column-5\">SG Herolz 2<\/td><td class=\"column-6\">1417 : 1337<\/td><td class=\"column-7\">5:0<\/td><td class=\"column-8\"> 16 : 0<\/td>\n<\/tr>\n<tr class=\"row-10\">\n\t<td class=\"column-1\">Donnerstag<\/td><td class=\"column-2\">29.01.2026<\/td><td class=\"column-3\">20:00<\/td><td class=\"column-4\">SG Ravolzhausen 1<\/td><td class=\"column-5\">SC 06 Windecken 2<\/td><td class=\"column-6\">1405 : 1402<\/td><td class=\"column-7\">3:2<\/td><td class=\"column-8\"> 16 : 2<\/td>\n<\/tr>\n<tr class=\"row-11\">\n\t<td class=\"column-1\">Mittwoch<\/td><td class=\"column-2\">04.02.2026<\/td><td class=\"column-3\">20:00<\/td><td class=\"column-4\">SC 06 Windecken 2<\/td><td class=\"column-5\">Hub.H\u00fcttenges\u00e4\u00df 1<\/td><td class=\"column-6\">1398 : 1408<\/td><td class=\"column-7\">2:3<\/td><td class=\"column-8\"> 16 : 4<\/td>\n<\/tr>\n<\/tbody>\n<\/table>\n<!-- #tablepress-58 from cache -->\n\n<table id=\"tablepress-68\" class=\"tablepress tablepress-id-68\">\n<thead>\n<tr class=\"row-1\">\n\t<th class=\"column-1\">Sch\u00fctze<\/th><th class=\"column-2\">1.<\/th><th class=\"column-3\">2.<\/th><th class=\"column-4\">3.<\/th><th class=\"column-5\">4.<\/th><th class=\"column-6\">5.<\/th><th class=\"column-7\">6.<\/th><th class=\"column-8\">7.<\/th><th class=\"column-9\">8.<\/th><th class=\"column-10\">9.<\/th><th class=\"column-11\">10.<\/th><th class=\"column-12\">Schnitt<\/th>\n<\/tr>\n<\/thead>\n<tbody class=\"row-striping row-hover\">\n<tr class=\"row-2\">\n\t<td class=\"column-1\">Seipel,Patrica<\/td><td class=\"column-2\">  340<\/td><td class=\"column-3\">362<\/td><td class=\"column-4\"><\/td><td class=\"column-5\"><\/td><td class=\"column-6\">361<\/td><td class=\"column-7\">361<\/td><td class=\"column-8\">365<\/td><td class=\"column-9\">362<\/td><td class=\"column-10\">360<\/td><td class=\"column-11\">354<\/td><td class=\"column-12\">358.13<\/td>\n<\/tr>\n<tr class=\"row-3\">\n\t<td class=\"column-1\">Seifert,Wolfgang<\/td><td class=\"column-2\">344<\/td><td class=\"column-3\"><\/td><td class=\"column-4\"><\/td><td class=\"column-5\"><\/td><td class=\"column-6\"><\/td><td class=\"column-7\">343<\/td><td class=\"column-8\">349<\/td><td class=\"column-9\">335<\/td><td class=\"column-10\">334<\/td><td class=\"column-11\"><\/td><td class=\"column-12\">341<\/td>\n<\/tr>\n<tr class=\"row-4\">\n\t<td class=\"column-1\">Dobberstein,Manfred<\/td><td class=\"column-2\">336<\/td><td class=\"column-3\">340<\/td><td class=\"column-4\">344<\/td><td class=\"column-5\">338<\/td><td class=\"column-6\">337<\/td><td class=\"column-7\">326<\/td><td class=\"column-8\"><\/td><td class=\"column-9\">350<\/td><td class=\"column-10\"><\/td><td class=\"column-11\">336<\/td><td class=\"column-12\">338.38<\/td>\n<\/tr>\n<tr class=\"row-5\">\n\t<td class=\"column-1\">Pehnke,Kevin<\/td><td class=\"column-2\">359<\/td><td class=\"column-3\"><\/td><td class=\"column-4\"><\/td><td class=\"column-5\">365<\/td><td class=\"column-6\">361<\/td><td class=\"column-7\"><\/td><td class=\"column-8\"><\/td><td class=\"column-9\"><\/td><td class=\"column-10\"><\/td><td class=\"column-11\"><\/td><td class=\"column-12\">361.67<\/td>\n<\/tr>\n<tr class=\"row-6\">\n\t<td class=\"column-1\">Stadick,Marcus<\/td><td class=\"column-2\">351<\/td><td class=\"column-3\"><\/td><td class=\"column-4\"><\/td><td class=\"column-5\">355<\/td><td class=\"column-6\">360<\/td><td class=\"column-7\"><\/td><td class=\"column-8\">357<\/td><td class=\"column-9\">356<\/td><td class=\"column-10\">356<\/td><td class=\"column-11\">347<\/td><td class=\"column-12\">354.57<\/td>\n<\/tr>\n<tr class=\"row-7\">\n\t<td class=\"column-1\">Ple\u00df,Benjamin<\/td><td class=\"column-2\">340<\/td><td class=\"column-3\"><\/td><td class=\"column-4\">354<\/td><td class=\"column-5\">335<\/td><td class=\"column-6\"><\/td><td class=\"column-7\">356<\/td><td class=\"column-8\">339<\/td><td class=\"column-9\">344<\/td><td class=\"column-10\"><\/td><td class=\"column-11\"><\/td><td class=\"column-12\">344.67<\/td>\n<\/tr>\n<tr class=\"row-8\">\n\t<td class=\"column-1\">T\u00fcrpitsch,Karthin<\/td><td class=\"column-2\"><\/td><td class=\"column-3\">361<\/td><td class=\"column-4\">345<\/td><td class=\"column-5\"><\/td><td class=\"column-6\"><\/td><td class=\"column-7\"><\/td><td class=\"column-8\"><\/td><td class=\"column-9\"><\/td><td class=\"column-10\"><\/td><td class=\"column-11\"><\/td><td class=\"column-12\">353<\/td>\n<\/tr>\n<tr class=\"row-9\">\n\t<td class=\"column-1\">Schallenberger,Jan<\/td><td class=\"column-2\"><\/td><td class=\"column-3\">361<\/td><td class=\"column-4\">365<\/td><td class=\"column-5\"><\/td><td class=\"column-6\"><\/td><td class=\"column-7\">366<\/td><td class=\"column-8\"><\/td><td class=\"column-9\">364<\/td><td class=\"column-10\">352<\/td><td class=\"column-11\">361<\/td><td class=\"column-12\">361.5<\/td>\n<\/tr>\n<\/tbody>\n<\/table>\n<!-- #tablepress-68 from cache -->\n","protected":false},"excerpt":{"rendered":"<p>Oberliga Ost<\/p>\n","protected":false},"author":1,"featured_media":0,"parent":0,"menu_order":0,"comment_status":"closed","ping_status":"closed","template":"onecolumn-page.php","meta":{"footnotes":""},"class_list":["post-1642","page","type-page","status-publish","hentry"],"_links":{"self":[{"href":"https:\/\/www.schuetzenclub-windecken.de\/index.php?rest_route=\/wp\/v2\/pages\/1642","targetHints":{"allow":["GET"]}}],"collection":[{"href":"https:\/\/www.schuetzenclub-windecken.de\/index.php?rest_route=\/wp\/v2\/pages"}],"about":[{"href":"https:\/\/www.schuetzenclub-windecken.de\/index.php?rest_route=\/wp\/v2\/types\/page"}],"author":[{"embeddable":true,"href":"https:\/\/www.schuetzenclub-windecken.de\/index.php?rest_route=\/wp\/v2\/users\/1"}],"replies":[{"embeddable":true,"href":"https:\/\/www.schuetzenclub-windecken.de\/index.php?rest_route=%2Fwp%2Fv2%2Fcomments&post=1642"}],"version-history":[{"count":6,"href":"https:\/\/www.schuetzenclub-windecken.de\/index.php?rest_route=\/wp\/v2\/pages\/1642\/revisions"}],"predecessor-version":[{"id":2650,"href":"https:\/\/www.schuetzenclub-windecken.de\/index.php?rest_route=\/wp\/v2\/pages\/1642\/revisions\/2650"}],"wp:attachment":[{"href":"https:\/\/www.schuetzenclub-windecken.de\/index.php?rest_route=%2Fwp%2Fv2%2Fmedia&parent=1642"}],"curies":[{"name":"wp","href":"https:\/\/api.w.org\/{rel}","templated":true}]}}