{"id":137,"date":"2012-12-06T14:08:24","date_gmt":"2012-12-06T12:08:24","guid":{"rendered":"http:\/\/dev.tuerpika.de\/?page_id=137"},"modified":"2025-09-22T16:32:06","modified_gmt":"2025-09-22T14:32:06","slug":"wettkampfe","status":"publish","type":"page","link":"https:\/\/www.schuetzenclub-windecken.de\/?page_id=137","title":{"rendered":"Wettk\u00e4mpfe"},"content":{"rendered":"<p><!-- [wpcol_2third id=\"\" class=\"\" style\"\"] --><\/p>\n<p>Neben den Meisterschaften auf Kreis, Gau, L\u00e4nderebene\u00a0sowie der\u00a0Deutschen Meisterschaft startet der Windecker Sch\u00fctzenclub auch bei Rundenwettk\u00e4mpfen (RWK).<\/p>\n<p>Rundenwettk\u00e4mpfe werden in verschiedenen Disziplinen und Klassen von der Grundklasse bis zur Bundesliga ausgetragen. Eine RWK Mannschaft besteht in der Regel aus 4, ab der Hessenliga aus 5 Sch\u00fctzen.<\/p>\n<p>Geschossen wird bis zur Kreisliga Mannschaftsergebnis gegen Mannschaftsergebnis und ab der Gauliga in Paarungen.<\/p>\n<p>Im Folgenden finden sich die aktuellen Ergebnisse der Rundenwettk\u00e4mpfe unserer einzelnen Mannschaften.<\/p>\n<p><a href=\"https:\/\/www.rwk-onlinemelder.de\/online\/listen\/hsvsb30\">Wettkampfergebnisse im Bezirk \u00fcber diesen Link<\/a><\/p>\n<p><!-- [\/wpcol_2third] [wpcol_1third_end id=\"\" class=\"\" style\"\"] --><\/p>\n<p><!-- [stextbox id=\"info\"]  --><br \/>\nLuftgewehr<br \/>\n<a href=\"http:\/\/www.schuetzenclub-windecken.de\/?page_id=1636\">1. LG Mannschaft<br \/>\n<\/a><a href=\"http:\/\/www.schuetzenclub-windecken.de\/?page_id=1632\">2. LG Mannschaft<br \/>\n<\/a><a href=\"http:\/\/www.schuetzenclub-windecken.de\/?page_id=1638\">3. LG Mannschaft <\/a><\/p>\n<p>Luftpistole<br \/>\n<a href=\"http:\/\/www.schuetzenclub-windecken.de\/?page_id=1640\">1. LP Mannschaft<br \/>\n<\/a><a href=\"http:\/\/www.schuetzenclub-windecken.de\/?page_id=1642\">2. LP Mannschaft<br \/>\n<\/a><a href=\"http:\/\/www.schuetzenclub-windecken.de\/?page_id=1648\">3. LP Mannschaft<br \/>\n<\/a><a href=\"http:\/\/www.schuetzenclub-windecken.de\/?page_id=2246\">4. LP Mannschaft<\/a><br \/>\n<a href=\"http:\/\/www.schuetzenclub-windecken.de\/?page_id=2946\">5. LP Mannschaft<\/a><\/p>\n<p>Sportpistole<br \/>\n<a href=\"http:\/\/www.schuetzenclub-windecken.de\/?page_id=1651\">1. Spopi Mannschaft<br \/>\n<\/a><a href=\"http:\/\/www.schuetzenclub-windecken.de\/?page_id=1654\">2. Spopi Mannschaft<br \/>\n<\/a><a href=\"http:\/\/www.schuetzenclub-windecken.de\/?page_id=1657\">3. Spopi Mannschaft <\/a><\/p>\n<p>Sportgewehr<br \/>\n<a href=\"http:\/\/www.schuetzenclub-windecken.de\/?page_id=1644\">1. Sportgewehr Mannschaft <\/a><\/p>\n<p>Gro\u00dfkaliber<br \/>\n<a href=\"http:\/\/www.schuetzenclub-windecken.de\/?page_id=1627\">1. GK Mannschaft<br \/>\n<\/a><a href=\"http:\/\/www.schuetzenclub-windecken.de\/?page_id=2272\">2. GK Mannschaft<\/a><br \/>\n<!-- [\/stextbox]  --><\/p>\n<p><!--  [\/wpcol_1third_end]  --><\/p>\n","protected":false},"excerpt":{"rendered":"<p>Neben den Meisterschaften auf Kreis, Gau, L\u00e4nderebene\u00a0sowie der\u00a0Deutschen Meisterschaft startet der Windecker Sch\u00fctzenclub auch bei Rundenwettk\u00e4mpfen (RWK). Rundenwettk\u00e4mpfe werden in verschiedenen Disziplinen und Klassen von der Grundklasse bis zur Bundesliga ausgetragen. Eine RWK Mannschaft besteht in der Regel aus 4, &hellip; <a href=\"https:\/\/www.schuetzenclub-windecken.de\/?page_id=137\">Weiterlesen <span class=\"meta-nav\">&rarr;<\/span><\/a><\/p>\n","protected":false},"author":1,"featured_media":0,"parent":0,"menu_order":0,"comment_status":"closed","ping_status":"closed","template":"onecolumn-page.php","meta":{"footnotes":""},"class_list":["post-137","page","type-page","status-publish","hentry"],"_links":{"self":[{"href":"https:\/\/www.schuetzenclub-windecken.de\/index.php?rest_route=\/wp\/v2\/pages\/137","targetHints":{"allow":["GET"]}}],"collection":[{"href":"https:\/\/www.schuetzenclub-windecken.de\/index.php?rest_route=\/wp\/v2\/pages"}],"about":[{"href":"https:\/\/www.schuetzenclub-windecken.de\/index.php?rest_route=\/wp\/v2\/types\/page"}],"author":[{"embeddable":true,"href":"https:\/\/www.schuetzenclub-windecken.de\/index.php?rest_route=\/wp\/v2\/users\/1"}],"replies":[{"embeddable":true,"href":"https:\/\/www.schuetzenclub-windecken.de\/index.php?rest_route=%2Fwp%2Fv2%2Fcomments&post=137"}],"version-history":[{"count":44,"href":"https:\/\/www.schuetzenclub-windecken.de\/index.php?rest_route=\/wp\/v2\/pages\/137\/revisions"}],"predecessor-version":[{"id":4729,"href":"https:\/\/www.schuetzenclub-windecken.de\/index.php?rest_route=\/wp\/v2\/pages\/137\/revisions\/4729"}],"wp:attachment":[{"href":"https:\/\/www.schuetzenclub-windecken.de\/index.php?rest_route=%2Fwp%2Fv2%2Fmedia&parent=137"}],"curies":[{"name":"wp","href":"https:\/\/api.w.org\/{rel}","templated":true}]}}