{"id":134,"date":"2012-12-03T22:15:22","date_gmt":"2012-12-03T20:15:22","guid":{"rendered":"http:\/\/dev.tuerpika.de\/?page_id=134"},"modified":"2025-09-22T16:26:11","modified_gmt":"2025-09-22T14:26:11","slug":"startseite","status":"publish","type":"page","link":"https:\/\/www.schuetzenclub-windecken.de\/?page_id=134","title":{"rendered":"\u00dcber uns"},"content":{"rendered":"<p>Wir freuen uns \u00fcber Dein Interesse an der Homepage unseres Vereins. Hier findest Du alle Informationen, die Du brauchst, um Dir ein Bild von uns zu machen.<\/p>\n<p><a href=\"http:\/\/www.schuetzenclub-windecken.de\/wp-content\/uploads\/2012\/12\/DSC_0050.jpg\"><img loading=\"lazy\" decoding=\"async\" class=\"wp-image-667 aligncenter\" src=\"http:\/\/www.schuetzenclub-windecken.de\/wp-content\/uploads\/2012\/12\/DSC_0050.jpg\" alt=\"DSC_0050\" width=\"307\" height=\"219\" \/><\/a>Hat der Sport dein Interesse geweckt und Du suchst nach einem Verein? Oder bist Du\u00a0<a href=\"http:\/\/www.schuetzenclub-windecken.de\/wp-content\/uploads\/2012\/12\/DSC_0050.jpg\"><br \/>\n<\/a>schon Sportsch\u00fctze und auf der Suche nach einem neuen Verein?<\/p>\n<p>Schaue Dich hier um und entdecke unseren Sport und Verein. Am besten besuchst Du uns jedoch pers\u00f6nlich im Sch\u00fctzenhaus am Killianst\u00e4dter Berg. Komm einfach zu den angegebenen \u00d6ffnungszeiten vorbei und lerne uns kennen.<\/p>\n<p>Wir freuen uns auf Dich!<\/p>\n<p><strong>Wir schie\u00dfen folgende Disziplinen vor Ort:<\/strong><\/p>\n<ul>\n<li>Luftgewehr (inkl. Dreistellung) und Luftpistole je 10 m an 11 St\u00e4nden mit moderner elektronischer Meyton Schie\u00dfstandanlage<\/li>\n<li>Kleinkalibergewehr (inkl. Dreistellung und liegend) 50 m an 6 St\u00e4nden<\/li>\n<li>Sportpistole und Standardpistole 25 m an 10 St\u00e4nden<\/li>\n<li>Freie Pistole 50 m an 6 St\u00e4nden<\/li>\n<li>Gro\u00dfkaliber Pistole \/ Revolver 25 m an 10 St\u00e4nden<\/li>\n<li>Vorderlader Kurz- und Langwaffen 25 und 50m<\/li>\n<li>Zus\u00e4tzlich haben wir eine Wurfscheiben-Mannschaft, die allerdings an anderen St\u00e4nden trainiert.<\/li>\n<\/ul>\n<p><a href=\"http:\/\/www.schuetzenclub-windecken.de\/wp-content\/uploads\/2015\/05\/meyton-2.jpg\"><img loading=\"lazy\" decoding=\"async\" class=\"alignnone wp-image-638\" src=\"http:\/\/www.schuetzenclub-windecken.de\/wp-content\/uploads\/2015\/05\/meyton-2.jpg\" alt=\"meyton-2\" width=\"317\" height=\"241\" \/><\/a> <a href=\"http:\/\/www.schuetzenclub-windecken.de\/wp-content\/uploads\/2015\/05\/Meyton-1.jpg\"><img loading=\"lazy\" decoding=\"async\" class=\"alignnone wp-image-637\" src=\"http:\/\/www.schuetzenclub-windecken.de\/wp-content\/uploads\/2015\/05\/Meyton-1-300x224.jpg\" alt=\"Meyton-1\" width=\"319\" height=\"240\" \/><\/a><br \/>\n<a href=\"http:\/\/www.schuetzenclub-windecken.de\/wp-content\/uploads\/2012\/12\/P1080730-e1433777935366.jpg\"><img loading=\"lazy\" decoding=\"async\" class=\"alignnone wp-image-661\" src=\"http:\/\/www.schuetzenclub-windecken.de\/wp-content\/uploads\/2012\/12\/P1080730-300x225.jpg\" alt=\"P1080730\" width=\"313\" height=\"241\" \/><\/a> <a href=\"http:\/\/www.schuetzenclub-windecken.de\/wp-content\/uploads\/2012\/12\/P1080718-e1433777876898.jpg\"><img loading=\"lazy\" decoding=\"async\" class=\"alignnone wp-image-660\" src=\"http:\/\/www.schuetzenclub-windecken.de\/wp-content\/uploads\/2012\/12\/P1080718-300x225.jpg\" alt=\"P1080718\" width=\"322\" height=\"241\" \/><\/a><\/p>\n<p><a href=\"http:\/\/www.schuetzenclub-windecken.de\/wp-content\/uploads\/2012\/12\/Gastraum.jpg\"><img loading=\"lazy\" decoding=\"async\" class=\" wp-image-639 alignright\" src=\"http:\/\/www.schuetzenclub-windecken.de\/wp-content\/uploads\/2012\/12\/Gastraum-300x225.jpg\" alt=\"Gastraum\" width=\"296\" height=\"226\" \/><\/a><\/p>\n<p>Zu unserer Anlage geh\u00f6ren ein gem\u00fctliches Vereinsheim samt Terrasse mit Grillplatz, Freigel\u00e4nde und eine Atmosph\u00e4re, in der man sich gegenseitig unterst\u00fctzt, damit das Hobby auch wirklich Spa\u00df macht.<\/p>\n<p>&nbsp;<\/p>\n<p>&nbsp;<\/p>\n<p>&nbsp;<\/p>\n","protected":false},"excerpt":{"rendered":"<p>Wir freuen uns \u00fcber Dein Interesse an der Homepage unseres Vereins. Hier findest Du alle Informationen, die Du brauchst, um Dir ein Bild von uns zu machen. Hat der Sport dein Interesse geweckt und Du suchst nach einem Verein? Oder &hellip; <a href=\"https:\/\/www.schuetzenclub-windecken.de\/?page_id=134\">Weiterlesen <span class=\"meta-nav\">&rarr;<\/span><\/a><\/p>\n","protected":false},"author":1,"featured_media":0,"parent":0,"menu_order":0,"comment_status":"closed","ping_status":"closed","template":"onecolumn-page.php","meta":{"footnotes":""},"class_list":["post-134","page","type-page","status-publish","hentry"],"_links":{"self":[{"href":"https:\/\/www.schuetzenclub-windecken.de\/index.php?rest_route=\/wp\/v2\/pages\/134","targetHints":{"allow":["GET"]}}],"collection":[{"href":"https:\/\/www.schuetzenclub-windecken.de\/index.php?rest_route=\/wp\/v2\/pages"}],"about":[{"href":"https:\/\/www.schuetzenclub-windecken.de\/index.php?rest_route=\/wp\/v2\/types\/page"}],"author":[{"embeddable":true,"href":"https:\/\/www.schuetzenclub-windecken.de\/index.php?rest_route=\/wp\/v2\/users\/1"}],"replies":[{"embeddable":true,"href":"https:\/\/www.schuetzenclub-windecken.de\/index.php?rest_route=%2Fwp%2Fv2%2Fcomments&post=134"}],"version-history":[{"count":76,"href":"https:\/\/www.schuetzenclub-windecken.de\/index.php?rest_route=\/wp\/v2\/pages\/134\/revisions"}],"predecessor-version":[{"id":4727,"href":"https:\/\/www.schuetzenclub-windecken.de\/index.php?rest_route=\/wp\/v2\/pages\/134\/revisions\/4727"}],"wp:attachment":[{"href":"https:\/\/www.schuetzenclub-windecken.de\/index.php?rest_route=%2Fwp%2Fv2%2Fmedia&parent=134"}],"curies":[{"name":"wp","href":"https:\/\/api.w.org\/{rel}","templated":true}]}}