{"id":131,"date":"2012-12-03T21:50:34","date_gmt":"2012-12-03T19:50:34","guid":{"rendered":"http:\/\/dev.tuerpika.de\/?page_id=131"},"modified":"2024-03-12T11:25:20","modified_gmt":"2024-03-12T10:25:20","slug":"kontaktimpressum","status":"publish","type":"page","link":"https:\/\/www.schuetzenclub-windecken.de\/?page_id=131","title":{"rendered":"Impressum"},"content":{"rendered":"<p><strong>Name und Anschrift \u00a0<a href=\"http:\/\/www.schuetzenclub-windecken.de\/wp-login.php\">\u00a9<\/a><\/strong><\/p>\n<p>Sch\u00fctzenclub 1906 Windecken e.V.<br \/>\nGartenstra\u00dfe 3<br \/>\n61130 Nidderau<\/p>\n<p><strong>Vertretungsberechtigter<\/strong><\/p>\n<p>Marc Oliver Lauer<br \/>\n1. Vorsitzender<br \/>\nAnschrift w.o.<\/p>\n<p>Telefon 06187\/25333<br \/>\nFax 06187\/25333<br \/>\nMailadresse: Klarschrift wegen \u00fcberma\u00dfigem Spam entfernt.<br \/>\nEs ist der Vorstand, dann kommt der Klammeraffe und anschlie\u00dfend der<br \/>\nVereinsname mit ue, ein Bindestrich und der Name des Ortsteils, alles klar!<\/p>\n<p><a href=\"http:\/\/www.schuetzenclub-windecken.de\/wp-content\/uploads\/2015\/10\/Unbenanntes-Bild.png\"><img loading=\"lazy\" decoding=\"async\" class=\"alignnone size-medium wp-image-1211\" src=\"http:\/\/www.schuetzenclub-windecken.de\/wp-content\/uploads\/2015\/10\/Unbenanntes-Bild-300x60.png\" alt=\"Unbenanntes Bild\" width=\"300\" height=\"60\" srcset=\"https:\/\/www.schuetzenclub-windecken.de\/wp-content\/uploads\/2015\/10\/Unbenanntes-Bild-300x60.png 300w, https:\/\/www.schuetzenclub-windecken.de\/wp-content\/uploads\/2015\/10\/Unbenanntes-Bild-150x30.png 150w, https:\/\/www.schuetzenclub-windecken.de\/wp-content\/uploads\/2015\/10\/Unbenanntes-Bild.png 468w\" sizes=\"auto, (max-width: 300px) 100vw, 300px\" \/><\/a><\/p>\n<p>&nbsp;<\/p>\n<p>Vereinsregister Amtsgericht Hanau VR 331<br \/>\nUmsatzsteueridentifikationsnummer nicht beantragt<br \/>\nSatzung: <a href=\"http:\/\/www.schuetzenclub-windecken.de\/wp-content\/uploads\/2012\/12\/SATZUNG.pdf\">Download<\/a><\/p>\n<p><strong>Unsere \u00d6ffnungszeiten<\/strong><\/p>\n<ul>\n<li>Dienstag 19:00 Uhr &#8211; 23:00 Uhr<\/li>\n<li>Freitag 19:00 Uhr &#8211; 23:00 Uhr<\/li>\n<li>Samstag 13:30 Uhr &#8211; 17:00 Uhr<\/li>\n<li>Sonntag 10:00 Uhr &#8211; 13:00 Uhr<\/li>\n<\/ul>\n<p>Schie\u00dfzeiten wie \u00d6ffnungszeiten (nur bis 21.oo Uhr)<\/p>\n<p><strong>Anfahrt<\/strong><\/p>\n<p>Von der Kilianst\u00e4dter Str. in Windecken aus in den Bornwiesenweg einbiegen und direkt wieder links abbiegen auf den geteerten Weg, der parallel zur Kilianst\u00e4dter Str. bzw. L3009 in Richtung Kilianst\u00e4dten verl\u00e4uft. Dem Weg ca. 200 m folgen, bis man den Parkplatz des Sch\u00fctzenhauses erreicht.<\/p>\n<p><strong>Haftung f\u00fcr Inhalte<\/strong><\/p>\n<p>Die Inhalte unserer Seiten wurden mit gr\u00f6\u00dfter Sorgfalt erstellt. F\u00fcr die Richtigkeit, Vollst\u00e4ndigkeit und Aktualit\u00e4t der Inhalte k\u00f6nnen wir jedoch keine Gew\u00e4hr \u00fcbernehmen.<\/p>\n<p>Als Dienstanbieter sind wir gem\u00e4\u00df \u00a7 6 Abs.1 MDStV und \u00a7 8 Abs.1 TDG f\u00fcr eigene Inhalte auf diesen Seiten nach den allgemeinen Gesetzen verantwortlich. Dienstanbieter sind jedoch nicht verpflichtet, die von ihnen \u00fcbermittelten oder gespeicherten fremden Informationen zu \u00fcberwachen oder nach Umst\u00e4nden zu forschen, die auf eine rechtswidrige T\u00e4tigkeit hinweisen. Verpflichtungen zur Entfernung oder Sperrung der Nutzung von Informationen nach den allgemeinen Gesetzen bleiben hiervon unber\u00fchrt. Eine diesbez\u00fcgliche Haftung ist jedoch erst ab dem Zeitpunkt der Kenntnis einer konkreten Rechtsverletzung m\u00f6glich. Bei bekannt werden von entsprechenden Rechtsverletzungen werden wir diese Inhalte umgehend entfernen.<\/p>\n<p><strong>Haftung f\u00fcr Links<\/strong><\/p>\n<p>Durch das Urteil vom 12. Mai 1998 &#8222;Haftung f\u00fcr Links&#8220; (312 O 85\/98) hat das Landesgericht Hamburg eindeutig entschieden, dass man durch die Anbringung eines Links, die Inhalte der gelinkten Seite ggf. mit zu verantworten hat, also haftbar gemacht werden kann; dies kann nur dadurch verhindert werden, indem man sich ausdr\u00fccklich von diesen Inhalten distanziert.<\/p>\n<p>Wir distanzieren uns hiermit ausdr\u00fccklich von allen Inhalten s\u00e4mtlicher gelinkter Seiten auf unseren Seiten und verweisen darauf, dass wir weder Einfluss auf Gestaltung und Inhalte der gelinkten Seiten haben noch diese Inhalte zu eigen machen.<\/p>\n<p><strong>Urheberrecht<\/strong><\/p>\n<p><strong>Die Betreiber der Seiten sind bem\u00fcht, stets die Urheberrechte anderer zu beachten bzw. auf selbst erstellte sowie lizenzfreie Werke zur\u00fcckzugreifen.<\/strong><\/p>\n<p>Die durch die Seitenbetreiber erstellten Inhalte und Werke auf diesen Seiten unterliegen dem deutschen Urheberrecht. Beitr\u00e4ge Dritter sind als solche gekennzeichnet. Die Vervielf\u00e4ltigung, Bearbeitung, Verbreitung und jede Art der Verwertung au\u00dferhalb der Grenzen des Urheberrechtes bed\u00fcrfen der schriftlichen Zustimmung des jeweiligen Autors bzw. Gestalters. Downloads und Kopien dieser Seite sind nur f\u00fcr den privaten, nicht kommerziellen Gebrauch gestattet.<\/p>\n<p><strong>Datenschutz<\/strong><\/p>\n<p>Der Nutzung von im Rahmen der Impressumspflicht ver\u00f6ffentlichten Kontaktdaten durch Dritte zur \u00dcbersendung von nicht ausdr\u00fccklich angeforderter Werbung und Informationsmaterialien wird hiermit ausdr\u00fccklich widersprochen. Die Betreiber der Seiten behalten sich ausdr\u00fccklich rechtliche Schritte im Falle der unverlangten Zusendung von Werbeinformationen, etwa durch Spam-Mails, vor.<\/p>\n<p><em>Quelle: Disclaimer von eRecht24.de dem Informationsportal<\/em><\/p>\n","protected":false},"excerpt":{"rendered":"<p>Name und Anschrift \u00a0\u00a9 Sch\u00fctzenclub 1906 Windecken e.V. Gartenstra\u00dfe 3 61130 Nidderau Vertretungsberechtigter Marc Oliver Lauer 1. Vorsitzender Anschrift w.o. Telefon 06187\/25333 Fax 06187\/25333 Mailadresse: Klarschrift wegen \u00fcberma\u00dfigem Spam entfernt. Es ist der Vorstand, dann kommt der Klammeraffe und anschlie\u00dfend &hellip; <a href=\"https:\/\/www.schuetzenclub-windecken.de\/?page_id=131\">Weiterlesen <span class=\"meta-nav\">&rarr;<\/span><\/a><\/p>\n","protected":false},"author":1,"featured_media":0,"parent":0,"menu_order":0,"comment_status":"closed","ping_status":"closed","template":"onecolumn-page.php","meta":{"footnotes":""},"class_list":["post-131","page","type-page","status-publish","hentry"],"_links":{"self":[{"href":"https:\/\/www.schuetzenclub-windecken.de\/index.php?rest_route=\/wp\/v2\/pages\/131","targetHints":{"allow":["GET"]}}],"collection":[{"href":"https:\/\/www.schuetzenclub-windecken.de\/index.php?rest_route=\/wp\/v2\/pages"}],"about":[{"href":"https:\/\/www.schuetzenclub-windecken.de\/index.php?rest_route=\/wp\/v2\/types\/page"}],"author":[{"embeddable":true,"href":"https:\/\/www.schuetzenclub-windecken.de\/index.php?rest_route=\/wp\/v2\/users\/1"}],"replies":[{"embeddable":true,"href":"https:\/\/www.schuetzenclub-windecken.de\/index.php?rest_route=%2Fwp%2Fv2%2Fcomments&post=131"}],"version-history":[{"count":38,"href":"https:\/\/www.schuetzenclub-windecken.de\/index.php?rest_route=\/wp\/v2\/pages\/131\/revisions"}],"predecessor-version":[{"id":875,"href":"https:\/\/www.schuetzenclub-windecken.de\/index.php?rest_route=\/wp\/v2\/pages\/131\/revisions\/875"}],"wp:attachment":[{"href":"https:\/\/www.schuetzenclub-windecken.de\/index.php?rest_route=%2Fwp%2Fv2%2Fmedia&parent=131"}],"curies":[{"name":"wp","href":"https:\/\/api.w.org\/{rel}","templated":true}]}}